{"id":11,"date":"2015-06-05T14:04:46","date_gmt":"2015-06-05T14:04:46","guid":{"rendered":"https:\/\/www.brenoporto.com.br\/brejeiro\/paraseunegocio\/paraseunegocio\/empresa-3\/"},"modified":"2024-01-24T11:01:05","modified_gmt":"2024-01-24T14:01:05","slug":"empresa","status":"publish","type":"page","link":"https:\/\/brejeiro.com.br\/paraseunegocio\/empresa\/","title":{"rendered":"Empresa"},"content":{"rendered":"<div class='content-column one_half'><h2><span style=\"color: #ffc20e;\">BREJEIRO.<\/span><\/h2>\n<h3><span style=\"color: #ffc20e;\">Semeando qualidade e inova\u00e7\u00e3o h\u00e1 mais de 75 anos.<\/span><\/h3>\n<p>Fundada em 1944 pelo imigrante italiano Max Leonardo Define, a Brejeiro iniciou suas atividades guiada pelos princ\u00edpios de qualidade e inova\u00e7\u00e3o. Direcionamento que revolucionou o mercado e rendeu \u00e0 Brejeiro o t\u00edtulo de 1\u00aa empresa brasileira a empacotar arroz e colocar o produto em supermercados.<\/p>\n<p class=\"p1\"><span class=\"s1\">Seguindo esta tradi\u00e7\u00e3o, a companhia ampliou o seu portf\u00f3lio. Al\u00e9m do tradicional Arroz Brejeiro, oferece tamb\u00e9m soja, farelo e farinha de soja, mistura proteica, \u00f3leos vegetais, gordura vegetal, sementes de soja de alto padr\u00e3o, prote\u00edna de soja e biodiesel. A mistura e prote\u00edna de soja s\u00e3o produzidas a partir de soja n\u00e3o-GMO.<\/span><\/p>\n<p>Comercializando biodiesel desde 2011, a Brejeiro recebeu no ano seguinte a Concess\u00e3o do Direito de Uso do Selo Combust\u00edvel Social. Esta identifica\u00e7\u00e3o \u00e9 concedida pelo Minist\u00e9rio do Desenvolvimento Agr\u00e1rio aos produtores de biodiesel que promovem a inclus\u00e3o social e o desenvolvimento regional por meio de gera\u00e7\u00e3o de emprego e renda para os agricultores familiares do Pronaf (Programa Nacional de Fortalecimento da Agricultura Familiar). A Concess\u00e3o foi renovada em 2017.<\/p>\n<p>Reconhecida mundialmente devido \u00e0 sua excel\u00eancia em todos os processos, a Brejeiro \u00e9 uma empresa moderna, que se diferencia por semear qualidade e inova\u00e7\u00e3o em tudo o que faz<\/p><\/div>\n<div class='content-column one_half last_column'><h2><span style=\"color: #ffcc00;\">GALERIA<\/span><\/h2>\n<p><a href=\"http:\/\/brejeiro.com.br\/paraseunegocio\/galeria\"><img loading=\"lazy\" decoding=\"async\" class=\"alignnone wp-image-914 size-medium\" src=\"http:\/\/brejeiro.com.br\/paraseunegocio\/wp-content\/uploads\/2015\/06\/paraseunegocio_galeria-300x85.png\" alt=\"Galeria\" width=\"300\" height=\"85\" srcset=\"https:\/\/brejeiro.com.br\/paraseunegocio\/wp-content\/uploads\/2015\/06\/paraseunegocio_galeria-300x85.png 300w, https:\/\/brejeiro.com.br\/paraseunegocio\/wp-content\/uploads\/2015\/06\/paraseunegocio_galeria.png 357w\" sizes=\"auto, (max-width: 300px) 100vw, 300px\" \/><\/a><br \/>\n<a href=\"http:\/\/brejeiro.com.br\/paraseunegocio\/galeria\/\">veja mais<\/a><\/p>\n<h2><span style=\"color: #ffcc00;\">VIDEOS<\/span><\/h2>\n<p><a href=\"http:\/\/brejeiro.com.br\/paraseunegocio\/videos\/\"><img loading=\"lazy\" decoding=\"async\" class=\"alignnone wp-image-816 size-medium\" src=\"http:\/\/brejeiro.com.br\/paraseunegocio\/wp-content\/uploads\/2015\/07\/brejeiro_galeria-videos-300x94.jpg\" alt=\"V\u00eddeos\" width=\"300\" height=\"94\" srcset=\"https:\/\/brejeiro.com.br\/paraseunegocio\/wp-content\/uploads\/2015\/07\/brejeiro_galeria-videos-300x94.jpg 300w, https:\/\/brejeiro.com.br\/paraseunegocio\/wp-content\/uploads\/2015\/07\/brejeiro_galeria-videos.jpg 360w\" sizes=\"auto, (max-width: 300px) 100vw, 300px\" \/><\/a><br \/>\n<a href=\"http:\/\/brejeiro.com.br\/paraseunegocio\/videos\/\">veja mais<\/a><br \/><\/div><div class='clear_column'><\/div>\n","protected":false},"excerpt":{"rendered":"","protected":false},"author":6,"featured_media":0,"parent":0,"menu_order":0,"comment_status":"open","ping_status":"open","template":"templates\/empresa.php","meta":{"footnotes":""},"class_list":["post-11","page","type-page","status-publish","hentry"],"yoast_head":"<!-- This site is optimized with the Yoast SEO plugin v27.2 - https:\/\/yoast.com\/product\/yoast-seo-wordpress\/ -->\n<title>Empresa - Para seu neg\u00f3cio<\/title>\n<meta name=\"robots\" content=\"index, follow, max-snippet:-1, max-image-preview:large, max-video-preview:-1\" \/>\n<link rel=\"canonical\" href=\"https:\/\/brejeiro.com.br\/paraseunegocio\/empresa\/\" \/>\n<meta property=\"og:locale\" content=\"pt_BR\" \/>\n<meta property=\"og:type\" content=\"article\" \/>\n<meta property=\"og:title\" content=\"Empresa - Para seu neg\u00f3cio\" \/>\n<meta property=\"og:url\" content=\"https:\/\/brejeiro.com.br\/paraseunegocio\/empresa\/\" \/>\n<meta property=\"og:site_name\" content=\"Para seu neg\u00f3cio\" \/>\n<meta property=\"article:modified_time\" content=\"2024-01-24T14:01:05+00:00\" \/>\n<meta property=\"og:image\" content=\"http:\/\/brejeiro.com.br\/paraseunegocio\/wp-content\/uploads\/2015\/06\/paraseunegocio_galeria-300x85.png\" \/>\n<meta name=\"twitter:card\" content=\"summary_large_image\" \/>\n<meta name=\"twitter:label1\" content=\"Est. tempo de leitura\" \/>\n\t<meta name=\"twitter:data1\" content=\"2 minutos\" \/>\n<script type=\"application\/ld+json\" class=\"yoast-schema-graph\">{\"@context\":\"https:\/\/schema.org\",\"@graph\":[{\"@type\":\"WebPage\",\"@id\":\"https:\/\/brejeiro.com.br\/paraseunegocio\/empresa\/\",\"url\":\"https:\/\/brejeiro.com.br\/paraseunegocio\/empresa\/\",\"name\":\"Empresa - Para seu neg\u00f3cio\",\"isPartOf\":{\"@id\":\"https:\/\/brejeiro.com.br\/paraseunegocio\/#website\"},\"primaryImageOfPage\":{\"@id\":\"https:\/\/brejeiro.com.br\/paraseunegocio\/empresa\/#primaryimage\"},\"image\":{\"@id\":\"https:\/\/brejeiro.com.br\/paraseunegocio\/empresa\/#primaryimage\"},\"thumbnailUrl\":\"http:\/\/brejeiro.com.br\/paraseunegocio\/wp-content\/uploads\/2015\/06\/paraseunegocio_galeria-300x85.png\",\"datePublished\":\"2015-06-05T14:04:46+00:00\",\"dateModified\":\"2024-01-24T14:01:05+00:00\",\"breadcrumb\":{\"@id\":\"https:\/\/brejeiro.com.br\/paraseunegocio\/empresa\/#breadcrumb\"},\"inLanguage\":\"pt-BR\",\"potentialAction\":[{\"@type\":\"ReadAction\",\"target\":[\"https:\/\/brejeiro.com.br\/paraseunegocio\/empresa\/\"]}]},{\"@type\":\"ImageObject\",\"inLanguage\":\"pt-BR\",\"@id\":\"https:\/\/brejeiro.com.br\/paraseunegocio\/empresa\/#primaryimage\",\"url\":\"https:\/\/brejeiro.com.br\/paraseunegocio\/wp-content\/uploads\/2015\/06\/paraseunegocio_galeria.png\",\"contentUrl\":\"https:\/\/brejeiro.com.br\/paraseunegocio\/wp-content\/uploads\/2015\/06\/paraseunegocio_galeria.png\",\"width\":357,\"height\":101},{\"@type\":\"BreadcrumbList\",\"@id\":\"https:\/\/brejeiro.com.br\/paraseunegocio\/empresa\/#breadcrumb\",\"itemListElement\":[{\"@type\":\"ListItem\",\"position\":1,\"name\":\"In\u00edcio\",\"item\":\"http:\/\/brejeiro.com.br\/paraseunegocio\/\"},{\"@type\":\"ListItem\",\"position\":2,\"name\":\"Empresa\"}]},{\"@type\":\"WebSite\",\"@id\":\"https:\/\/brejeiro.com.br\/paraseunegocio\/#website\",\"url\":\"https:\/\/brejeiro.com.br\/paraseunegocio\/\",\"name\":\"Para seu neg\u00f3cio\",\"description\":\"Uma marca de respeito.\",\"potentialAction\":[{\"@type\":\"SearchAction\",\"target\":{\"@type\":\"EntryPoint\",\"urlTemplate\":\"https:\/\/brejeiro.com.br\/paraseunegocio\/?s={search_term_string}\"},\"query-input\":{\"@type\":\"PropertyValueSpecification\",\"valueRequired\":true,\"valueName\":\"search_term_string\"}}],\"inLanguage\":\"pt-BR\"}]}<\/script>\n<!-- \/ Yoast SEO plugin. -->","yoast_head_json":{"title":"Empresa - Para seu neg\u00f3cio","robots":{"index":"index","follow":"follow","max-snippet":"max-snippet:-1","max-image-preview":"max-image-preview:large","max-video-preview":"max-video-preview:-1"},"canonical":"https:\/\/brejeiro.com.br\/paraseunegocio\/empresa\/","og_locale":"pt_BR","og_type":"article","og_title":"Empresa - Para seu neg\u00f3cio","og_url":"https:\/\/brejeiro.com.br\/paraseunegocio\/empresa\/","og_site_name":"Para seu neg\u00f3cio","article_modified_time":"2024-01-24T14:01:05+00:00","og_image":[{"url":"http:\/\/brejeiro.com.br\/paraseunegocio\/wp-content\/uploads\/2015\/06\/paraseunegocio_galeria-300x85.png","type":"","width":"","height":""}],"twitter_card":"summary_large_image","twitter_misc":{"Est. tempo de leitura":"2 minutos"},"schema":{"@context":"https:\/\/schema.org","@graph":[{"@type":"WebPage","@id":"https:\/\/brejeiro.com.br\/paraseunegocio\/empresa\/","url":"https:\/\/brejeiro.com.br\/paraseunegocio\/empresa\/","name":"Empresa - Para seu neg\u00f3cio","isPartOf":{"@id":"https:\/\/brejeiro.com.br\/paraseunegocio\/#website"},"primaryImageOfPage":{"@id":"https:\/\/brejeiro.com.br\/paraseunegocio\/empresa\/#primaryimage"},"image":{"@id":"https:\/\/brejeiro.com.br\/paraseunegocio\/empresa\/#primaryimage"},"thumbnailUrl":"http:\/\/brejeiro.com.br\/paraseunegocio\/wp-content\/uploads\/2015\/06\/paraseunegocio_galeria-300x85.png","datePublished":"2015-06-05T14:04:46+00:00","dateModified":"2024-01-24T14:01:05+00:00","breadcrumb":{"@id":"https:\/\/brejeiro.com.br\/paraseunegocio\/empresa\/#breadcrumb"},"inLanguage":"pt-BR","potentialAction":[{"@type":"ReadAction","target":["https:\/\/brejeiro.com.br\/paraseunegocio\/empresa\/"]}]},{"@type":"ImageObject","inLanguage":"pt-BR","@id":"https:\/\/brejeiro.com.br\/paraseunegocio\/empresa\/#primaryimage","url":"https:\/\/brejeiro.com.br\/paraseunegocio\/wp-content\/uploads\/2015\/06\/paraseunegocio_galeria.png","contentUrl":"https:\/\/brejeiro.com.br\/paraseunegocio\/wp-content\/uploads\/2015\/06\/paraseunegocio_galeria.png","width":357,"height":101},{"@type":"BreadcrumbList","@id":"https:\/\/brejeiro.com.br\/paraseunegocio\/empresa\/#breadcrumb","itemListElement":[{"@type":"ListItem","position":1,"name":"In\u00edcio","item":"http:\/\/brejeiro.com.br\/paraseunegocio\/"},{"@type":"ListItem","position":2,"name":"Empresa"}]},{"@type":"WebSite","@id":"https:\/\/brejeiro.com.br\/paraseunegocio\/#website","url":"https:\/\/brejeiro.com.br\/paraseunegocio\/","name":"Para seu neg\u00f3cio","description":"Uma marca de respeito.","potentialAction":[{"@type":"SearchAction","target":{"@type":"EntryPoint","urlTemplate":"https:\/\/brejeiro.com.br\/paraseunegocio\/?s={search_term_string}"},"query-input":{"@type":"PropertyValueSpecification","valueRequired":true,"valueName":"search_term_string"}}],"inLanguage":"pt-BR"}]}},"_links":{"self":[{"href":"https:\/\/brejeiro.com.br\/paraseunegocio\/wp-json\/wp\/v2\/pages\/11","targetHints":{"allow":["GET"]}}],"collection":[{"href":"https:\/\/brejeiro.com.br\/paraseunegocio\/wp-json\/wp\/v2\/pages"}],"about":[{"href":"https:\/\/brejeiro.com.br\/paraseunegocio\/wp-json\/wp\/v2\/types\/page"}],"author":[{"embeddable":true,"href":"https:\/\/brejeiro.com.br\/paraseunegocio\/wp-json\/wp\/v2\/users\/6"}],"replies":[{"embeddable":true,"href":"https:\/\/brejeiro.com.br\/paraseunegocio\/wp-json\/wp\/v2\/comments?post=11"}],"version-history":[{"count":5,"href":"https:\/\/brejeiro.com.br\/paraseunegocio\/wp-json\/wp\/v2\/pages\/11\/revisions"}],"predecessor-version":[{"id":7599,"href":"https:\/\/brejeiro.com.br\/paraseunegocio\/wp-json\/wp\/v2\/pages\/11\/revisions\/7599"}],"wp:attachment":[{"href":"https:\/\/brejeiro.com.br\/paraseunegocio\/wp-json\/wp\/v2\/media?parent=11"}],"curies":[{"name":"wp","href":"https:\/\/api.w.org\/{rel}","templated":true}]}}