{"id":12,"date":"2015-06-05T14:10:58","date_gmt":"2015-06-05T14:10:58","guid":{"rendered":"https:\/\/www.brenoporto.com.br\/brejeiro\/paraseunegocio\/paraseunegocio\/contato\/"},"modified":"2023-09-21T15:18:00","modified_gmt":"2023-09-21T18:18:00","slug":"contato","status":"publish","type":"page","link":"https:\/\/brejeiro.com.br\/paraseunegocio\/contato\/","title":{"rendered":"Contato"},"content":{"rendered":"<div class='content-column one_half'><h2><span style=\"color: #ffc20f;\">ENDERE\u00c7O<\/span><\/h2>\n<p><img loading=\"lazy\" decoding=\"async\" class=\"alignleft size-full wp-image-103\" src=\"http:\/\/brejeiro.com.br\/paraseunegocio\/wp-content\/uploads\/2015\/06\/brejeiro_endereco.jpg\" alt=\"endereco\" width=\"26\" height=\"42\" \/>Matriz: Orl\u00e2ndia \u2013 SP<br \/>\nAvenida do Caf\u00e9, 129 \u2013 Centro<\/p>\n<h2 style=\"margin-top: 20px; display: block;\"><span style=\"color: #ffc20f;\">TELEFONE<\/span><\/h2>\n<p><img loading=\"lazy\" decoding=\"async\" class=\"alignleft size-full wp-image-104\" src=\"http:\/\/brejeiro.com.br\/paraseunegocio\/wp-content\/uploads\/2015\/06\/brejeiro_telefone.jpg\" alt=\"telefone\" width=\"26\" height=\"24\" \/>Telefone: (16) 3820-5000<br \/>\nNosso canal para receber demandas relacionadas a dados pessoais e correlatas \u00e0s leis de privacidade e prote\u00e7\u00e3o de dados, de cooperados, colaboradores e terceiros, \u00e9\u00a0<a href=\"mailto:dpo@brejeiro.com.br\">dpo@brejeiro.com.br<\/a>\u00a0, nosso Encarregado de Dados, que \u00e9 o\u00a0<strong><span style=\"text-decoration: underline;\">\u00daNICO<\/span><\/strong>\u00a0competente para receb\u00ea-las.<br \/>\nTodos os nossos demais canais indicados em nosso site, inclusive telefones,\u00a0<strong><span style=\"text-decoration: underline;\">N\u00c3O<\/span><\/strong>\u00a0devem ser usados para tal finalidade. A\u00a0<strong>Brejeiro<\/strong>\u00a0considerar\u00e1\u00a0<strong>como n\u00e3o recebida e n\u00e3o reconhecer\u00e1 qualquer demanda<\/strong>\u00a0relacionada aos referidos temas que n\u00e3o seja proveniente de qualquer canal\/fonte que n\u00e3o seja o do nosso Encarregado de Dados.<\/p><\/div>\n<div class='content-column one_half last_column'><h2><span style=\"color: #ffc20f;\">FORMUL\u00c1RIO DE CONTATO<\/span><\/h2>\n\n<div class=\"wpcf7 no-js\" id=\"wpcf7-f7593-o1\" lang=\"pt-BR\" dir=\"ltr\" data-wpcf7-id=\"7593\">\n<div class=\"screen-reader-response\"><p role=\"status\" aria-live=\"polite\" aria-atomic=\"true\"><\/p> <ul><\/ul><\/div>\n<form action=\"\/paraseunegocio\/wp-json\/wp\/v2\/pages\/12#wpcf7-f7593-o1\" method=\"post\" class=\"wpcf7-form init\" aria-label=\"Formul\u00e1rios de contato\" novalidate=\"novalidate\" data-status=\"init\">\n<fieldset class=\"hidden-fields-container\"><input type=\"hidden\" name=\"_wpcf7\" value=\"7593\" \/><input type=\"hidden\" name=\"_wpcf7_version\" value=\"6.1.5\" \/><input type=\"hidden\" name=\"_wpcf7_locale\" value=\"pt_BR\" \/><input type=\"hidden\" name=\"_wpcf7_unit_tag\" value=\"wpcf7-f7593-o1\" \/><input type=\"hidden\" name=\"_wpcf7_container_post\" value=\"0\" \/><input type=\"hidden\" name=\"_wpcf7_posted_data_hash\" value=\"\" \/>\n<\/fieldset>\n<p><label> Seu nome<br \/>\n<span class=\"wpcf7-form-control-wrap\" data-name=\"your-name\"><input size=\"40\" maxlength=\"400\" class=\"wpcf7-form-control wpcf7-text wpcf7-validates-as-required\" autocomplete=\"name\" aria-required=\"true\" aria-invalid=\"false\" value=\"\" type=\"text\" name=\"your-name\" \/><\/span> <\/label>\n<\/p>\n<p><label> Seu e-mail<br \/>\n<span class=\"wpcf7-form-control-wrap\" data-name=\"your-email\"><input size=\"40\" maxlength=\"400\" class=\"wpcf7-form-control wpcf7-email wpcf7-validates-as-required wpcf7-text wpcf7-validates-as-email\" autocomplete=\"email\" aria-required=\"true\" aria-invalid=\"false\" value=\"\" type=\"email\" name=\"your-email\" \/><\/span> <\/label>\n<\/p>\n<p><label> Assunto<br \/>\n<span class=\"wpcf7-form-control-wrap\" data-name=\"your-subject\"><input size=\"40\" maxlength=\"400\" class=\"wpcf7-form-control wpcf7-text wpcf7-validates-as-required\" aria-required=\"true\" aria-invalid=\"false\" value=\"\" type=\"text\" name=\"your-subject\" \/><\/span> <\/label>\n<\/p>\n<p><label> Sua mensagem (opcional)<br \/>\n<span class=\"wpcf7-form-control-wrap\" data-name=\"your-message\"><textarea cols=\"40\" rows=\"10\" maxlength=\"2000\" class=\"wpcf7-form-control wpcf7-textarea\" aria-invalid=\"false\" name=\"your-message\"><\/textarea><\/span> <\/label>\n<\/p>\n<p><input class=\"wpcf7-form-control wpcf7-submit has-spinner\" type=\"submit\" value=\"Enviar\" \/>\n<\/p><div class=\"wpcf7-response-output\" aria-hidden=\"true\"><\/div>\n<\/form>\n<\/div>\n<\/div><div class='clear_column'><\/div>\n","protected":false},"excerpt":{"rendered":"","protected":false},"author":6,"featured_media":0,"parent":0,"menu_order":0,"comment_status":"open","ping_status":"open","template":"templates\/contato.php","meta":{"footnotes":""},"class_list":["post-12","page","type-page","status-publish","hentry"],"yoast_head":"<!-- This site is optimized with the Yoast SEO plugin v27.2 - https:\/\/yoast.com\/product\/yoast-seo-wordpress\/ -->\n<title>Contato - Para seu neg\u00f3cio<\/title>\n<meta name=\"robots\" content=\"index, follow, max-snippet:-1, max-image-preview:large, max-video-preview:-1\" \/>\n<link rel=\"canonical\" href=\"https:\/\/brejeiro.com.br\/paraseunegocio\/contato\/\" \/>\n<meta property=\"og:locale\" content=\"pt_BR\" \/>\n<meta property=\"og:type\" content=\"article\" \/>\n<meta property=\"og:title\" content=\"Contato - Para seu neg\u00f3cio\" \/>\n<meta property=\"og:url\" content=\"https:\/\/brejeiro.com.br\/paraseunegocio\/contato\/\" \/>\n<meta property=\"og:site_name\" content=\"Para seu neg\u00f3cio\" \/>\n<meta property=\"article:modified_time\" content=\"2023-09-21T18:18:00+00:00\" \/>\n<meta property=\"og:image\" content=\"http:\/\/brejeiro.com.br\/paraseunegocio\/wp-content\/uploads\/2015\/06\/brejeiro_endereco.jpg\" \/>\n<meta name=\"twitter:card\" content=\"summary_large_image\" \/>\n<meta name=\"twitter:label1\" content=\"Est. tempo de leitura\" \/>\n\t<meta name=\"twitter:data1\" content=\"2 minutos\" \/>\n<script type=\"application\/ld+json\" class=\"yoast-schema-graph\">{\"@context\":\"https:\/\/schema.org\",\"@graph\":[{\"@type\":\"WebPage\",\"@id\":\"https:\/\/brejeiro.com.br\/paraseunegocio\/contato\/\",\"url\":\"https:\/\/brejeiro.com.br\/paraseunegocio\/contato\/\",\"name\":\"Contato - Para seu neg\u00f3cio\",\"isPartOf\":{\"@id\":\"https:\/\/brejeiro.com.br\/paraseunegocio\/#website\"},\"primaryImageOfPage\":{\"@id\":\"https:\/\/brejeiro.com.br\/paraseunegocio\/contato\/#primaryimage\"},\"image\":{\"@id\":\"https:\/\/brejeiro.com.br\/paraseunegocio\/contato\/#primaryimage\"},\"thumbnailUrl\":\"http:\/\/brejeiro.com.br\/paraseunegocio\/wp-content\/uploads\/2015\/06\/brejeiro_endereco.jpg\",\"datePublished\":\"2015-06-05T14:10:58+00:00\",\"dateModified\":\"2023-09-21T18:18:00+00:00\",\"breadcrumb\":{\"@id\":\"https:\/\/brejeiro.com.br\/paraseunegocio\/contato\/#breadcrumb\"},\"inLanguage\":\"pt-BR\",\"potentialAction\":[{\"@type\":\"ReadAction\",\"target\":[\"https:\/\/brejeiro.com.br\/paraseunegocio\/contato\/\"]}]},{\"@type\":\"ImageObject\",\"inLanguage\":\"pt-BR\",\"@id\":\"https:\/\/brejeiro.com.br\/paraseunegocio\/contato\/#primaryimage\",\"url\":\"https:\/\/brejeiro.com.br\/paraseunegocio\/wp-content\/uploads\/2015\/06\/brejeiro_endereco.jpg\",\"contentUrl\":\"https:\/\/brejeiro.com.br\/paraseunegocio\/wp-content\/uploads\/2015\/06\/brejeiro_endereco.jpg\",\"width\":26,\"height\":42},{\"@type\":\"BreadcrumbList\",\"@id\":\"https:\/\/brejeiro.com.br\/paraseunegocio\/contato\/#breadcrumb\",\"itemListElement\":[{\"@type\":\"ListItem\",\"position\":1,\"name\":\"In\u00edcio\",\"item\":\"https:\/\/brejeiro.com.br\/paraseunegocio\/\"},{\"@type\":\"ListItem\",\"position\":2,\"name\":\"Contato\"}]},{\"@type\":\"WebSite\",\"@id\":\"https:\/\/brejeiro.com.br\/paraseunegocio\/#website\",\"url\":\"https:\/\/brejeiro.com.br\/paraseunegocio\/\",\"name\":\"Para seu neg\u00f3cio\",\"description\":\"Uma marca de respeito.\",\"potentialAction\":[{\"@type\":\"SearchAction\",\"target\":{\"@type\":\"EntryPoint\",\"urlTemplate\":\"https:\/\/brejeiro.com.br\/paraseunegocio\/?s={search_term_string}\"},\"query-input\":{\"@type\":\"PropertyValueSpecification\",\"valueRequired\":true,\"valueName\":\"search_term_string\"}}],\"inLanguage\":\"pt-BR\"}]}<\/script>\n<!-- \/ Yoast SEO plugin. -->","yoast_head_json":{"title":"Contato - Para seu neg\u00f3cio","robots":{"index":"index","follow":"follow","max-snippet":"max-snippet:-1","max-image-preview":"max-image-preview:large","max-video-preview":"max-video-preview:-1"},"canonical":"https:\/\/brejeiro.com.br\/paraseunegocio\/contato\/","og_locale":"pt_BR","og_type":"article","og_title":"Contato - Para seu neg\u00f3cio","og_url":"https:\/\/brejeiro.com.br\/paraseunegocio\/contato\/","og_site_name":"Para seu neg\u00f3cio","article_modified_time":"2023-09-21T18:18:00+00:00","og_image":[{"url":"http:\/\/brejeiro.com.br\/paraseunegocio\/wp-content\/uploads\/2015\/06\/brejeiro_endereco.jpg","type":"","width":"","height":""}],"twitter_card":"summary_large_image","twitter_misc":{"Est. tempo de leitura":"2 minutos"},"schema":{"@context":"https:\/\/schema.org","@graph":[{"@type":"WebPage","@id":"https:\/\/brejeiro.com.br\/paraseunegocio\/contato\/","url":"https:\/\/brejeiro.com.br\/paraseunegocio\/contato\/","name":"Contato - Para seu neg\u00f3cio","isPartOf":{"@id":"https:\/\/brejeiro.com.br\/paraseunegocio\/#website"},"primaryImageOfPage":{"@id":"https:\/\/brejeiro.com.br\/paraseunegocio\/contato\/#primaryimage"},"image":{"@id":"https:\/\/brejeiro.com.br\/paraseunegocio\/contato\/#primaryimage"},"thumbnailUrl":"http:\/\/brejeiro.com.br\/paraseunegocio\/wp-content\/uploads\/2015\/06\/brejeiro_endereco.jpg","datePublished":"2015-06-05T14:10:58+00:00","dateModified":"2023-09-21T18:18:00+00:00","breadcrumb":{"@id":"https:\/\/brejeiro.com.br\/paraseunegocio\/contato\/#breadcrumb"},"inLanguage":"pt-BR","potentialAction":[{"@type":"ReadAction","target":["https:\/\/brejeiro.com.br\/paraseunegocio\/contato\/"]}]},{"@type":"ImageObject","inLanguage":"pt-BR","@id":"https:\/\/brejeiro.com.br\/paraseunegocio\/contato\/#primaryimage","url":"https:\/\/brejeiro.com.br\/paraseunegocio\/wp-content\/uploads\/2015\/06\/brejeiro_endereco.jpg","contentUrl":"https:\/\/brejeiro.com.br\/paraseunegocio\/wp-content\/uploads\/2015\/06\/brejeiro_endereco.jpg","width":26,"height":42},{"@type":"BreadcrumbList","@id":"https:\/\/brejeiro.com.br\/paraseunegocio\/contato\/#breadcrumb","itemListElement":[{"@type":"ListItem","position":1,"name":"In\u00edcio","item":"https:\/\/brejeiro.com.br\/paraseunegocio\/"},{"@type":"ListItem","position":2,"name":"Contato"}]},{"@type":"WebSite","@id":"https:\/\/brejeiro.com.br\/paraseunegocio\/#website","url":"https:\/\/brejeiro.com.br\/paraseunegocio\/","name":"Para seu neg\u00f3cio","description":"Uma marca de respeito.","potentialAction":[{"@type":"SearchAction","target":{"@type":"EntryPoint","urlTemplate":"https:\/\/brejeiro.com.br\/paraseunegocio\/?s={search_term_string}"},"query-input":{"@type":"PropertyValueSpecification","valueRequired":true,"valueName":"search_term_string"}}],"inLanguage":"pt-BR"}]}},"_links":{"self":[{"href":"https:\/\/brejeiro.com.br\/paraseunegocio\/wp-json\/wp\/v2\/pages\/12","targetHints":{"allow":["GET"]}}],"collection":[{"href":"https:\/\/brejeiro.com.br\/paraseunegocio\/wp-json\/wp\/v2\/pages"}],"about":[{"href":"https:\/\/brejeiro.com.br\/paraseunegocio\/wp-json\/wp\/v2\/types\/page"}],"author":[{"embeddable":true,"href":"https:\/\/brejeiro.com.br\/paraseunegocio\/wp-json\/wp\/v2\/users\/6"}],"replies":[{"embeddable":true,"href":"https:\/\/brejeiro.com.br\/paraseunegocio\/wp-json\/wp\/v2\/comments?post=12"}],"version-history":[{"count":5,"href":"https:\/\/brejeiro.com.br\/paraseunegocio\/wp-json\/wp\/v2\/pages\/12\/revisions"}],"predecessor-version":[{"id":7594,"href":"https:\/\/brejeiro.com.br\/paraseunegocio\/wp-json\/wp\/v2\/pages\/12\/revisions\/7594"}],"wp:attachment":[{"href":"https:\/\/brejeiro.com.br\/paraseunegocio\/wp-json\/wp\/v2\/media?parent=12"}],"curies":[{"name":"wp","href":"https:\/\/api.w.org\/{rel}","templated":true}]}}