{"id":153,"date":"2015-06-17T21:23:23","date_gmt":"2015-06-17T21:23:23","guid":{"rendered":"https:\/\/www.brenoporto.com.br\/brejeiro\/paraseunegocio\/paraseunegocio\/?page_id=153"},"modified":"2025-10-27T09:37:15","modified_gmt":"2025-10-27T12:37:15","slug":"sementes","status":"publish","type":"page","link":"https:\/\/brejeiro.com.br\/paraseunegocio\/sementes\/","title":{"rendered":"Sementes de Soja"},"content":{"rendered":"<div class='content-column one_half'><p><span style=\"color: #e83c24;\">Tecnologia e qualidade para cada tipo de solo ou necessidade. Para voc\u00ea colher melhores resultados.<\/span><\/p>\n<p>A Brejeiro oferece uma ampla variedade de sementes com alta qualidade gen\u00e9tica e adaptadas para cada regi\u00e3o, tipo de solo ou necessidades espec\u00edficas.<\/p>\n<p><img loading=\"lazy\" decoding=\"async\" class=\"alignleft size-full wp-image-257\" src=\"http:\/\/brejeiro.com.br\/paraseunegocio\/wp-content\/uploads\/2015\/06\/paraseunegocio_icon01.jpg\" alt=\"icon01\" width=\"58\" height=\"115\" \/><\/p>\n<p><em>Caracter\u00edsticas e indica\u00e7\u00f5es de manejo para cada cultivar.<\/em><br \/>\nPara que voc\u00ea possa fazer a escolha apropriada a cada situa\u00e7\u00e3o.<\/p>\n<div class=\"clear\"><\/div>\n<p><img loading=\"lazy\" decoding=\"async\" class=\"alignleft size-full wp-image-258\" src=\"http:\/\/brejeiro.com.br\/paraseunegocio\/wp-content\/uploads\/2015\/06\/paraseunegocio_icon02.jpg\" alt=\"icon02\" width=\"58\" height=\"92\" \/><em>Na medida certa para a sua necessidade.<\/em><br \/>\nR\u00edgido controle na sele\u00e7\u00e3o e na uniformidade das sementes.<\/p>\n<div class=\"clear\"><\/div>\n<p><img loading=\"lazy\" decoding=\"async\" class=\"alignleft size-full wp-image-259\" src=\"http:\/\/brejeiro.com.br\/paraseunegocio\/wp-content\/uploads\/2015\/06\/paraseunegocio_icon03.jpg\" alt=\"icon03\" width=\"58\" height=\"63\" \/><em>C\u00e2maras frias de armazenamento de sementes.<\/em><br \/>\nPara garantir a qualidade e a durabilidade.<\/p>\n<div class=\"clear\"><\/div>\n<p><img loading=\"lazy\" decoding=\"async\" class=\"alignleft size-full wp-image-260\" src=\"http:\/\/brejeiro.com.br\/paraseunegocio\/wp-content\/uploads\/2015\/06\/paraseunegocio_icon04.jpg\" alt=\"icon04\" width=\"58\" height=\"68\" \/><em>Unidades estrategicamente localizadas.<\/em><br \/>\nMais proximidade e facilidade para voc\u00ea.<\/p><\/div>\n<div class='content-column one_half last_column'><p><a href=\"http:\/\/brejeiro.com.br\/paraseunegocio\/wp-content\/uploads\/2025\/10\/CATALOGO-25.pdf\" target=\"_blank\" rel=\"noopener\"><img loading=\"lazy\" decoding=\"async\" class=\"alignnone wp-image-7603\" src=\"http:\/\/brejeiro.com.br\/paraseunegocio\/wp-content\/uploads\/2025\/10\/Camara-fria-com-bags-amarelos.jpg\" alt=\"\" width=\"494\" height=\"610\" \/><\/a><\/p><\/div><div class='clear_column'><\/div>\n","protected":false},"excerpt":{"rendered":"","protected":false},"author":6,"featured_media":214,"parent":0,"menu_order":0,"comment_status":"open","ping_status":"open","template":"templates\/sementes.php","meta":{"footnotes":""},"class_list":["post-153","page","type-page","status-publish","has-post-thumbnail","hentry"],"yoast_head":"<!-- This site is optimized with the Yoast SEO plugin v27.2 - https:\/\/yoast.com\/product\/yoast-seo-wordpress\/ -->\n<title>Sementes de Soja - Para seu neg\u00f3cio<\/title>\n<meta name=\"robots\" content=\"index, follow, max-snippet:-1, max-image-preview:large, max-video-preview:-1\" \/>\n<link rel=\"canonical\" href=\"https:\/\/brejeiro.com.br\/paraseunegocio\/sementes\/\" \/>\n<meta property=\"og:locale\" content=\"pt_BR\" \/>\n<meta property=\"og:type\" content=\"article\" \/>\n<meta property=\"og:title\" content=\"Sementes de Soja - Para seu neg\u00f3cio\" \/>\n<meta property=\"og:url\" content=\"https:\/\/brejeiro.com.br\/paraseunegocio\/sementes\/\" \/>\n<meta property=\"og:site_name\" content=\"Para seu neg\u00f3cio\" \/>\n<meta property=\"article:modified_time\" content=\"2025-10-27T12:37:15+00:00\" \/>\n<meta property=\"og:image\" content=\"http:\/\/brejeiro.com.br\/paraseunegocio\/wp-content\/uploads\/2015\/06\/paraseunegocio_sementes.jpg\" \/>\n\t<meta property=\"og:image:width\" content=\"942\" \/>\n\t<meta property=\"og:image:height\" content=\"256\" \/>\n\t<meta property=\"og:image:type\" content=\"image\/jpeg\" \/>\n<meta name=\"twitter:card\" content=\"summary_large_image\" \/>\n<meta name=\"twitter:label1\" content=\"Est. tempo de leitura\" \/>\n\t<meta name=\"twitter:data1\" content=\"2 minutos\" \/>\n<script type=\"application\/ld+json\" class=\"yoast-schema-graph\">{\"@context\":\"https:\/\/schema.org\",\"@graph\":[{\"@type\":\"WebPage\",\"@id\":\"https:\/\/brejeiro.com.br\/paraseunegocio\/sementes\/\",\"url\":\"https:\/\/brejeiro.com.br\/paraseunegocio\/sementes\/\",\"name\":\"Sementes de Soja - Para seu neg\u00f3cio\",\"isPartOf\":{\"@id\":\"https:\/\/brejeiro.com.br\/paraseunegocio\/#website\"},\"primaryImageOfPage\":{\"@id\":\"https:\/\/brejeiro.com.br\/paraseunegocio\/sementes\/#primaryimage\"},\"image\":{\"@id\":\"https:\/\/brejeiro.com.br\/paraseunegocio\/sementes\/#primaryimage\"},\"thumbnailUrl\":\"https:\/\/brejeiro.com.br\/paraseunegocio\/wp-content\/uploads\/2015\/06\/paraseunegocio_sementes.jpg\",\"datePublished\":\"2015-06-17T21:23:23+00:00\",\"dateModified\":\"2025-10-27T12:37:15+00:00\",\"breadcrumb\":{\"@id\":\"https:\/\/brejeiro.com.br\/paraseunegocio\/sementes\/#breadcrumb\"},\"inLanguage\":\"pt-BR\",\"potentialAction\":[{\"@type\":\"ReadAction\",\"target\":[\"https:\/\/brejeiro.com.br\/paraseunegocio\/sementes\/\"]}]},{\"@type\":\"ImageObject\",\"inLanguage\":\"pt-BR\",\"@id\":\"https:\/\/brejeiro.com.br\/paraseunegocio\/sementes\/#primaryimage\",\"url\":\"https:\/\/brejeiro.com.br\/paraseunegocio\/wp-content\/uploads\/2015\/06\/paraseunegocio_sementes.jpg\",\"contentUrl\":\"https:\/\/brejeiro.com.br\/paraseunegocio\/wp-content\/uploads\/2015\/06\/paraseunegocio_sementes.jpg\",\"width\":942,\"height\":256},{\"@type\":\"BreadcrumbList\",\"@id\":\"https:\/\/brejeiro.com.br\/paraseunegocio\/sementes\/#breadcrumb\",\"itemListElement\":[{\"@type\":\"ListItem\",\"position\":1,\"name\":\"In\u00edcio\",\"item\":\"http:\/\/brejeiro.com.br\/paraseunegocio\/\"},{\"@type\":\"ListItem\",\"position\":2,\"name\":\"Sementes de Soja\"}]},{\"@type\":\"WebSite\",\"@id\":\"https:\/\/brejeiro.com.br\/paraseunegocio\/#website\",\"url\":\"https:\/\/brejeiro.com.br\/paraseunegocio\/\",\"name\":\"Para seu neg\u00f3cio\",\"description\":\"Uma marca de respeito.\",\"potentialAction\":[{\"@type\":\"SearchAction\",\"target\":{\"@type\":\"EntryPoint\",\"urlTemplate\":\"https:\/\/brejeiro.com.br\/paraseunegocio\/?s={search_term_string}\"},\"query-input\":{\"@type\":\"PropertyValueSpecification\",\"valueRequired\":true,\"valueName\":\"search_term_string\"}}],\"inLanguage\":\"pt-BR\"}]}<\/script>\n<!-- \/ Yoast SEO plugin. -->","yoast_head_json":{"title":"Sementes de Soja - Para seu neg\u00f3cio","robots":{"index":"index","follow":"follow","max-snippet":"max-snippet:-1","max-image-preview":"max-image-preview:large","max-video-preview":"max-video-preview:-1"},"canonical":"https:\/\/brejeiro.com.br\/paraseunegocio\/sementes\/","og_locale":"pt_BR","og_type":"article","og_title":"Sementes de Soja - Para seu neg\u00f3cio","og_url":"https:\/\/brejeiro.com.br\/paraseunegocio\/sementes\/","og_site_name":"Para seu neg\u00f3cio","article_modified_time":"2025-10-27T12:37:15+00:00","og_image":[{"width":942,"height":256,"url":"http:\/\/brejeiro.com.br\/paraseunegocio\/wp-content\/uploads\/2015\/06\/paraseunegocio_sementes.jpg","type":"image\/jpeg"}],"twitter_card":"summary_large_image","twitter_misc":{"Est. tempo de leitura":"2 minutos"},"schema":{"@context":"https:\/\/schema.org","@graph":[{"@type":"WebPage","@id":"https:\/\/brejeiro.com.br\/paraseunegocio\/sementes\/","url":"https:\/\/brejeiro.com.br\/paraseunegocio\/sementes\/","name":"Sementes de Soja - Para seu neg\u00f3cio","isPartOf":{"@id":"https:\/\/brejeiro.com.br\/paraseunegocio\/#website"},"primaryImageOfPage":{"@id":"https:\/\/brejeiro.com.br\/paraseunegocio\/sementes\/#primaryimage"},"image":{"@id":"https:\/\/brejeiro.com.br\/paraseunegocio\/sementes\/#primaryimage"},"thumbnailUrl":"https:\/\/brejeiro.com.br\/paraseunegocio\/wp-content\/uploads\/2015\/06\/paraseunegocio_sementes.jpg","datePublished":"2015-06-17T21:23:23+00:00","dateModified":"2025-10-27T12:37:15+00:00","breadcrumb":{"@id":"https:\/\/brejeiro.com.br\/paraseunegocio\/sementes\/#breadcrumb"},"inLanguage":"pt-BR","potentialAction":[{"@type":"ReadAction","target":["https:\/\/brejeiro.com.br\/paraseunegocio\/sementes\/"]}]},{"@type":"ImageObject","inLanguage":"pt-BR","@id":"https:\/\/brejeiro.com.br\/paraseunegocio\/sementes\/#primaryimage","url":"https:\/\/brejeiro.com.br\/paraseunegocio\/wp-content\/uploads\/2015\/06\/paraseunegocio_sementes.jpg","contentUrl":"https:\/\/brejeiro.com.br\/paraseunegocio\/wp-content\/uploads\/2015\/06\/paraseunegocio_sementes.jpg","width":942,"height":256},{"@type":"BreadcrumbList","@id":"https:\/\/brejeiro.com.br\/paraseunegocio\/sementes\/#breadcrumb","itemListElement":[{"@type":"ListItem","position":1,"name":"In\u00edcio","item":"http:\/\/brejeiro.com.br\/paraseunegocio\/"},{"@type":"ListItem","position":2,"name":"Sementes de Soja"}]},{"@type":"WebSite","@id":"https:\/\/brejeiro.com.br\/paraseunegocio\/#website","url":"https:\/\/brejeiro.com.br\/paraseunegocio\/","name":"Para seu neg\u00f3cio","description":"Uma marca de respeito.","potentialAction":[{"@type":"SearchAction","target":{"@type":"EntryPoint","urlTemplate":"https:\/\/brejeiro.com.br\/paraseunegocio\/?s={search_term_string}"},"query-input":{"@type":"PropertyValueSpecification","valueRequired":true,"valueName":"search_term_string"}}],"inLanguage":"pt-BR"}]}},"_links":{"self":[{"href":"https:\/\/brejeiro.com.br\/paraseunegocio\/wp-json\/wp\/v2\/pages\/153","targetHints":{"allow":["GET"]}}],"collection":[{"href":"https:\/\/brejeiro.com.br\/paraseunegocio\/wp-json\/wp\/v2\/pages"}],"about":[{"href":"https:\/\/brejeiro.com.br\/paraseunegocio\/wp-json\/wp\/v2\/types\/page"}],"author":[{"embeddable":true,"href":"https:\/\/brejeiro.com.br\/paraseunegocio\/wp-json\/wp\/v2\/users\/6"}],"replies":[{"embeddable":true,"href":"https:\/\/brejeiro.com.br\/paraseunegocio\/wp-json\/wp\/v2\/comments?post=153"}],"version-history":[{"count":6,"href":"https:\/\/brejeiro.com.br\/paraseunegocio\/wp-json\/wp\/v2\/pages\/153\/revisions"}],"predecessor-version":[{"id":7632,"href":"https:\/\/brejeiro.com.br\/paraseunegocio\/wp-json\/wp\/v2\/pages\/153\/revisions\/7632"}],"wp:featuredmedia":[{"embeddable":true,"href":"https:\/\/brejeiro.com.br\/paraseunegocio\/wp-json\/wp\/v2\/media\/214"}],"wp:attachment":[{"href":"https:\/\/brejeiro.com.br\/paraseunegocio\/wp-json\/wp\/v2\/media?parent=153"}],"curies":[{"name":"wp","href":"https:\/\/api.w.org\/{rel}","templated":true}]}}